{"id":3,"date":"2024-11-27T08:41:48","date_gmt":"2024-11-27T08:41:48","guid":{"rendered":"https:\/\/wistra.de.wordpress.hosting2.tn-rechenzentrum1.de\/?page_id=3"},"modified":"2025-02-06T15:00:36","modified_gmt":"2025-02-06T15:00:36","slug":"datenschutz","status":"publish","type":"page","link":"https:\/\/www.wistra.de\/en\/datenschutz\/","title":{"rendered":"Privacy Policy"},"content":{"rendered":"\n<p>Wir freuen uns \u00fcber Ihren Besuch auf unserer Webseite sowie \u00fcber ihr Interesse an unserem Unternehmen und unseren Produkten. Damit Sie sich beim Besuch unserer Webseite sicher und wohl f\u00fchlen, nehmen wir den Schutz Ihrer pers\u00f6nlichen Daten und deren vertrauliche Behandlung sehr ernst.<\/p>\n\n\n\n<p>Mit diesen Hinweisen zum Datenschutz m\u00f6chten wir Sie daher dar\u00fcber informieren, wann wir welche Daten speichern und wie wir sie verwenden &#8211; selbstverst\u00e4ndlich unter Beachtung der geltenden deutschen Datenschutzvorschriften.<\/p>\n\n\n\n<h4 class=\"wp-block-heading\">Anonyme Datenerhebung<\/h4>\n\n\n\n<p>Wenn Sie auf unsere Internetseiten zugreifen, erfassen unsere Web-Server automatisch Informationen allgemeiner Natur. Dazu geh\u00f6ren die Art des Webbrowsers, das verwendete Betriebssystem, der Domainname des Internet Service Providers, die IP-Adresse des verwendeten Computers, die Webseite, von der aus Sie uns besuchen, die Seiten, die Sie bei uns besuchen sowie das Datum und die Dauer des Besuches. Hierbei handelt es sich ausschlie\u00dflich um Informationen, welche keine R\u00fcckschl\u00fcsse auf Ihre Person zulassen. Wir werten diese Daten nur f\u00fcr statistische Zwecke und nur in anonymer Form aus.<\/p>\n\n\n\n<h4 class=\"wp-block-heading\">Erhebung und Verarbeitung personenbezogener Daten<\/h4>\n\n\n\n<p>Personenbezogene Daten werden nur erhoben, wenn Sie diese von sich aus, zum Beispiel zur Durchf\u00fchrung eines Auftrages, einer Umfrage, eines Preisausschreibens oder einer Registrierung f\u00fcr personalisierte Dienste mitteilen. Dort werden Sie \u00fcber den beabsichtigten Verarbeitungszweck informiert und falls erforderlich um Ihre Zustimmung zur Speicherung gebeten. Ihre Daten werden vor der \u00dcbertragung und Verarbeitung verschl\u00fcsselt, um diese vor dem Zugriff unberechtigter Personen zu sch\u00fctzen.<\/p>\n\n\n\n<p>Ausnahme stellt hierbei der E-Mail-Versand dar.<\/p>\n\n\n\n<h4 class=\"wp-block-heading\">Nutzung und Weitergabe der erhobenen Daten<\/h4>\n\n\n\n<p>Die im Rahmen unserer Webseiten erhobenen personenbezogenen Daten werden ohne Ihre Einwilligung nur zur Auftragsabwicklung oder Bearbeitung Ihrer Anfragen genutzt und daf\u00fcr gegebenenfalls an die zust\u00e4ndige Konzerngesellschaft weitergegeben. Nur mit Ihrer Einwilligung erfolgt dar\u00fcber hinaus eine Nutzung Ihrer Daten in einer unter Verantwortung von WISTRA verwalteten, zentral gef\u00fchrten Kunden- und Interessenten-Datenbank und eine Zusammenf\u00fchrung Ihrer Daten im WISTRA. Die Nutzung dieser Daten bleibt auf Zwecke der Werbung und Markt- und Meinungsforschung beschr\u00e4nkt und ist ausschlie\u00dflich bei WISTRA innerhalb der Bundesrepublik Deutschland m\u00f6glich. Ihre jeweilige Einwilligung k\u00f6nnen Sie jederzeit mit Wirkung f\u00fcr die Zukunft widerrufen.<\/p>\n\n\n\n<p>Ihre Daten werden nicht verkauft, vermietet oder in anderer Weise Dritten zur Verf\u00fcgung gestellt. \u00dcbermittlungen personenbezogener Daten an staatliche Einrichtungen und Beh\u00f6rden erfolgen nur im Rahmen zwingender nationaler Rechtsvorschriften. Unsere Mitarbeiter, Agenturen und H\u00e4ndler sind von uns zu strengster Vertraulichkeit verpflichtet.<\/p>\n\n\n\n<h4 class=\"wp-block-heading\">Cookies<\/h4>\n\n\n\n<p>In einigen Bereichen unserer Seiten werden sogenannte Cookies eingesetzt. Ein Cookie ist eine kleine Textdatei, die von einer Website auf Ihrer Festplatte abgelegt wird. Cookies richten auf Ihrem Rechner keinen Schaden an und enthalten keine Viren. Die Cookies unserer Internetseiten erheben keinerlei personenbezogene Daten. Die in Cookies enthaltenen Informationen verwenden wir, um Ihnen die Nutzung unserer Seiten zu erleichtern und sie auf Ihre Bed\u00fcrfnisse abzustimmen.<\/p>\n\n\n\n<p>Nat\u00fcrlich k\u00f6nnen Sie unsere Webseite auch ohne Cookies betrachten. Falls Sie nicht m\u00f6chten, dass Cookies auf Ihrem Rechner gespeichert werden, k\u00f6nnen Sie die entsprechende Option in den Systemeinstellungen Ihres Browsers deaktivieren. Gespeicherte Cookies k\u00f6nnen Sie in den Systemeinstellungen Ihres Browsers jederzeit l\u00f6schen. Wenn Sie keine Cookies akzeptieren, kann dieses allerdings zu Funktionseinschr\u00e4nkungen unserer Angebote f\u00fchren.<\/p>\n\n\n\n<h4 class=\"wp-block-heading\">Google Analytics<\/h4>\n\n\n\n<p>Diese Website benutzt Google Analytics, einen Webanalysedienst der Google Inc. (\u201eGoogle\u201c). Google Analytics verwendet sog. \u201eCookies\u201c, Textdateien, die auf Ihrem Computer gespeichert werden und die eine Analyse der Benutzung der Website durch Sie erm\u00f6glichen. Die durch den Cookie erzeugten Informationen \u00fcber Ihre Benutzung dieser Website werden in der Regel an einen Server von Google in den USA \u00fcbertragen und dort gespeichert. Im Falle der Aktivierung der IP-Anonymisierung auf dieser Webseite, wird Ihre IP-Adresse von Google jedoch innerhalb von Mitgliedstaaten der Europ\u00e4ischen Union oder in anderen Vertragsstaaten des Abkommens \u00fcber den Europ\u00e4ischen Wirtschaftsraum zuvor gek\u00fcrzt. Nur in Ausnahmef\u00e4llen wird die volle IP Adresse an einen Server von Google in den USA \u00fcbertragen und dort gek\u00fcrzt. Im Auftrag des Betreibers dieser Website wird Google diese Informationen benutzen, um Ihre Nutzung der Website auszuwerten, um Reports \u00fcber die Websiteaktivit\u00e4ten zusammenzustellen und um weitere mit der Websitenutzung und der Internetnutzung verbundene Dienstleistungen gegen\u00fcber dem Websitebetreiber zu erbringen. Die im Rahmen von Google Analytics von Ihrem Browser \u00fcbermittelte IP-Adresse wird nicht mit anderen Daten von Google zusammengef\u00fchrt. Sie k\u00f6nnen die Speicherung der Cookies durch eine entsprechende Einstellung Ihrer Browser-Software verhindern; wir weisen Sie jedoch darauf hin, dass Sie in diesem Fall gegebenenfalls nicht s\u00e4mtliche Funktionen dieser Website vollumf\u00e4nglich werden nutzen k\u00f6nnen. Sie k\u00f6nnen dar\u00fcber hinaus die Erfassung der durch das Cookie erzeugten und auf Ihre Nutzung der Website bezogenen Daten (inkl. Ihrer IP-Adresse) an Google sowie die Verarbeitung dieser Daten durch Google verhindern, indem sie das unter dem folgenden Link verf\u00fcgbare Browser-Plugin herunterladen und installieren. Der aktuelle Link ist <a href=\"http:\/\/tools.google.com\/dlpage\/gaoptout?hl=de\" target=\"_blank\" rel=\"noreferrer noopener\">http:\/\/tools.google.com\/dlpage\/gaoptout?hl=de.<\/a><\/p>\n\n\n\n<h4 class=\"wp-block-heading\">Remarketing- bzw. \u201e\u00c4hnliche Zielgruppen\u201c-Funktion der Google Inc.<\/h4>\n\n\n\n<p>Diese Website benutzt die Google AdWords Remarketing- bzw. \u201e\u00c4hnliche Zielgruppen\u201c-Funktion von Google. Diese Funktion dient dazu, Nutzern unserer Website und anderen Nutzern mit \u00e4hnlichen Interessen aufgrund ihres Online-Nutzerverhaltens gezielte Produktempfehlungen und interessenbasierte Werbung einzublenden, wenn die Nutzer andere Websites im Google Display-Netzwerk besuchen oder eine Google-Suche ausf\u00fchren. Werden auf diesen Websites unsere Werbeanzeigen eingeblendet, werden uns Informationen \u00fcber den Besuch dieser Websites \u00fcbermittelt, z.B. wie oft unsere Anzeige angesehen wurde, wie viele Klicks und Besuche \u00fcber eine bestimmte Werbeanzeige generiert wurden und welche Inhalte nach einem Klick auf eine Werbeanzeige auf unserer Website aufgerufen wurden.<\/p>\n\n\n\n<p>Die Grundlage dieser interessenbezogenen Werbung bildet eine Analyse des Online-Nutzerverhaltens. Zur Durchf\u00fchrung dieser Analyse setzt Google Cookies ein. Cookies sind kleine Textdateien, die von einem Webserver generiert und mittels des genutzten Webbrowsers auf Ihrem Computer gespeichert werden w\u00e4hrend Sie eine Website im Google Display-Netzwerk oder einen bestimmten Google-Dienst besuchen. Diese Cookies enthalten Informationen zu Ihrem letzten Besuch oder zu Einstellungen Ihres Browsers wie z.B. die eingestellte Sprache. Die Cookies dienen zur Erfassung der Besuche der Website mittels einer eindeutigen Identifikation eines Webbrowsers auf einem bestimmten Computer und nicht zur Identifikation einer Person. S\u00e4mtliche Daten werden durch Verwendung eines Pseudonyms gespeichert, so dass ein R\u00fcckschluss auf die Person des Nutzers und damit eine pers\u00f6nliche Identifikation nicht ohne Weiteres m\u00f6glich ist.<\/p>\n\n\n\n<p>Sie k\u00f6nnen die Verwendung von Cookies durch Google deaktivieren, indem sie die Anzeigenvorgaben aufrufen und das Opt-out entsprechend umsetzen. Alternativ k\u00f6nnen Sie die Verwendung von Cookies durch Drittanbieter deaktivieren, indem Sie die Deaktivierungsseite der Netzwerkinitiative aufrufen und die dort genannten weiterf\u00fchrenden Information zum Opt-Out umsetzen.<\/p>\n\n\n\n<p>Weiterf\u00fchrende Informationen zu Google Remarketing bzw. \u201e\u00c4hnliche Zielgruppen\u201c k\u00f6nnen Sie einsehen unter: <a href=\"https:\/\/support.google.com\/adwords\/answer\/2676774?hl=de\" target=\"_blank\" rel=\"noreferrer noopener\">https:\/\/support.google.com\/adwords\/answer\/2676774?hl=de<\/a><\/p>\n\n\n\n<p>Die Datenschutzerkl\u00e4rung von Google k\u00f6nnen Sie einsehen unter: <a href=\"http:\/\/www.google.de\/policies\/privacy\/\" target=\"_blank\" rel=\"noreferrer noopener\">http:\/\/www.google.de\/policies\/privacy\/<\/a><\/p>\n\n\n\n<p>Dar\u00fcber hinaus k\u00f6nnen Sie das Setzen von Cookies auch \u00fcber Ihre Browsereinstellungen steuern (s.o.).<\/p>\n\n\n\n<h4 class=\"wp-block-heading\">Sicherheit<\/h4>\n\n\n\n<p>WISTRA setzt technische und organisatorische Sicherheitsma\u00dfnahmen ein, um Ihre durch uns verwalteten Daten gegen zuf\u00e4llige oder vors\u00e4tzliche Manipulationen, Verlust, Zerst\u00f6rung oder vor dem Zugriff unberechtigter Personen zu sch\u00fctzen. Unsere Sicherheitsma\u00dfnahmen werden entsprechend der technologischen Entwicklung fortlaufend verbessert.<\/p>\n\n\n\n<h4 class=\"wp-block-heading\">Rechte der Betroffenen<\/h4>\n\n\n\n<p>Auf Anforderung teilen wir Ihnen schriftlich mit, ob und welche pers\u00f6nlichen Daten \u00fcber Sie bei uns gespeichert sind. Sind Sie als Nutzer f\u00fcr den WISTRA Login registriert, haben Sie die M\u00f6glichkeit, Ihre Daten selbst einzusehen und gegebenenfalls zu \u00e4ndern oder zu l\u00f6schen. Sollten trotz unserer Bem\u00fchungen um Datenrichtigkeit und Aktualit\u00e4t falsche Informationen gespeichert sein, werden wir diese auf Ihre Aufforderung hin berichtigen. Sie k\u00f6nnen Ihre Einwilligung zur Speicherung Ihrer pers\u00f6nlichen Daten jederzeit durch eine kurze Nachricht f\u00fcr die Zukunft widerrufen.<\/p>\n\n\n\n<p>Dar\u00fcber hinaus k\u00f6nnen Sie sich bei Fragen bez\u00fcglich der Verarbeitung Ihrer pers\u00f6nlichen Daten, Anregungen oder Beschwerden an unsere Konzernbeauftragte f\u00fcr den Datenschutz wenden.<\/p>\n\n\n\n<h4 class=\"wp-block-heading\">Beauftragte f\u00fcr den Datenschutz:<\/h4>\n\n\n\n<p>WISTRA<br>Gesellschaft f\u00fcr Wissens- und Informationstransfer GmbH<br>Fax: 07432 \/ 18924-109<\/p>\n\n\n\n<p><a href=\"mailto:info@wistra.de\">E-Mail: info@wistra.de<\/a><\/p>\n","protected":false},"excerpt":{"rendered":"<p>Wir freuen uns \u00fcber Ihren Besuch auf unserer Webseite sowie \u00fcber ihr Interesse an unserem Unternehmen und unseren Produkten. Damit Sie sich beim Besuch unserer Webseite sicher und wohl f\u00fchlen, nehmen wir den Schutz Ihrer pers\u00f6nlichen Daten und deren vertrauliche Behandlung sehr ernst. Mit diesen Hinweisen zum Datenschutz m\u00f6chten wir Sie daher dar\u00fcber informieren, wann [&hellip;]<\/p>\n","protected":false},"author":1,"featured_media":0,"parent":0,"menu_order":0,"comment_status":"closed","ping_status":"closed","template":"","meta":{"_acf_changed":false,"footnotes":""},"class_list":["post-3","page","type-page","status-publish","hentry"],"acf":[],"_links":{"self":[{"href":"https:\/\/www.wistra.de\/en\/wp-json\/wp\/v2\/pages\/3","targetHints":{"allow":["GET"]}}],"collection":[{"href":"https:\/\/www.wistra.de\/en\/wp-json\/wp\/v2\/pages"}],"about":[{"href":"https:\/\/www.wistra.de\/en\/wp-json\/wp\/v2\/types\/page"}],"author":[{"embeddable":true,"href":"https:\/\/www.wistra.de\/en\/wp-json\/wp\/v2\/users\/1"}],"replies":[{"embeddable":true,"href":"https:\/\/www.wistra.de\/en\/wp-json\/wp\/v2\/comments?post=3"}],"version-history":[{"count":8,"href":"https:\/\/www.wistra.de\/en\/wp-json\/wp\/v2\/pages\/3\/revisions"}],"predecessor-version":[{"id":396,"href":"https:\/\/www.wistra.de\/en\/wp-json\/wp\/v2\/pages\/3\/revisions\/396"}],"wp:attachment":[{"href":"https:\/\/www.wistra.de\/en\/wp-json\/wp\/v2\/media?parent=3"}],"curies":[{"name":"wp","href":"https:\/\/api.w.org\/{rel}","templated":true}]}}